{"id":2937,"date":"2022-03-26T13:49:31","date_gmt":"2022-03-26T12:49:31","guid":{"rendered":"https:\/\/ritualart.ch\/?page_id=2937"},"modified":"2026-03-14T10:03:01","modified_gmt":"2026-03-14T09:03:01","slug":"podcasts","status":"publish","type":"page","link":"https:\/\/ritualart.ch\/en\/podcasts\/","title":{"rendered":"Podcast"},"content":{"rendered":"<p>[et_pb_section fb_built=&#8221;1&#8243; module_class=&#8221;blue-header&#8221; _builder_version=&#8221;4.17.1&#8243; _module_preset=&#8221;default&#8221; background_color=&#8221;#7294b9&#8243; background_enable_image=&#8221;off&#8221; custom_margin=&#8221;0px||0px||true|false&#8221; custom_padding=&#8221;0px||0px||false|false&#8221; global_colors_info=&#8221;{}&#8221;][et_pb_row _builder_version=&#8221;4.17.1&#8243; _module_preset=&#8221;default&#8221; background_image=&#8221;https:\/\/ritualart.ch\/wp-content\/uploads\/2022\/04\/header-pages5.jpg&#8221; background_size=&#8221;contain&#8221; width=&#8221;100%&#8221; custom_padding=&#8221;40px||40px||false|false&#8221; global_colors_info=&#8221;{}&#8221;][et_pb_column type=&#8221;4_4&#8243; _builder_version=&#8221;4.17.0&#8243; _module_preset=&#8221;default&#8221; global_colors_info=&#8221;{}&#8221;][et_pb_text _builder_version=&#8221;4.17.1&#8243; _module_preset=&#8221;default&#8221; header_3_font=&#8221;Raleway|300|||||||&#8221; header_3_text_color=&#8221;#FFFFFF&#8221; header_3_font_size=&#8221;28px&#8221; custom_padding=&#8221;|||130px|false|false&#8221; global_colors_info=&#8221;{}&#8221;]<\/p>\n<h3>Podcast<\/h3>\n<p>[\/et_pb_text][\/et_pb_column][\/et_pb_row][\/et_pb_section][et_pb_section fb_built=&#8221;1&#8243; _builder_version=&#8221;4.17.0&#8243; _module_preset=&#8221;default&#8221; global_colors_info=&#8221;{}&#8221;][et_pb_row module_class=&#8221;featured_img&#8221; _builder_version=&#8221;4.27.0&#8243; _module_preset=&#8221;default&#8221; width=&#8221;60%&#8221; global_colors_info=&#8221;{}&#8221;][et_pb_column type=&#8221;4_4&#8243; _builder_version=&#8221;4.17.0&#8243; _module_preset=&#8221;default&#8221; global_colors_info=&#8221;{}&#8221;][et_pb_post_title meta=&#8221;off&#8221; featured_placement=&#8221;above&#8221; _builder_version=&#8221;4.17.4&#8243; _module_preset=&#8221;default&#8221; title_font=&#8221;Raleway|300|||||||&#8221; title_font_size=&#8221;40px&#8221; title_line_height=&#8221;2em&#8221; global_colors_info=&#8221;{}&#8221;][\/et_pb_post_title][et_pb_text admin_label=&#8221;Text&#8221; _builder_version=&#8221;4.27.6&#8243; background_size=&#8221;initial&#8221; background_position=&#8221;top_left&#8221; background_repeat=&#8221;repeat&#8221; hover_enabled=&#8221;0&#8243; global_colors_info=&#8221;{}&#8221; sticky_enabled=&#8221;0&#8243;]<\/p>\n<ul>\n<li><strong>Mystik heute Episode 17:<\/strong> <a href=\"https:\/\/ritualart.ch\/stille-podcast\/\">Stille &#8211; 13. M\u00e4rz 2026:<\/a> Gespr\u00e4ch mit der Meditations- und Dharmalehrerin Irene Bumbacher\n<ul>\n<li><a href=\"https:\/\/open.spotify.com\/episode\/1qIySwIHzVncYJV58ydWAj\">Listen on Spotify<\/a><\/li>\n<\/ul>\n<\/li>\n<li><strong>Mystik heute Episode 16:<\/strong> <a href=\"https:\/\/ritualart.ch\/gesetz-des-staerkeren\/\">Gesetz des St\u00e4rkeren &#8211; 28. November 2025:<\/a> \u00d6ffentliches Gespr\u00e4ch mit dem Evolutionsbiologen Christian Kropf\n<ul>\n<li><a href=\"https:\/\/open.spotify.com\/episode\/2CVTE75iIcWBvryQdQfy60?si=62a38e6c07f2484f\">Listen on Spotify<\/a><\/li>\n<\/ul>\n<\/li>\n<li><strong>Mystik heute Episode 15:<\/strong> <a href=\"https:\/\/ritualart.ch\/der-weg-des-zen\/\">Der Weg des Zen &#8211; 29. August 2025:<\/a> Gespr\u00e4ch mit der Zen-Nonne Nadine Lichtsteiner\n<ul>\n<li><a href=\"https:\/\/open.spotify.com\/episode\/4K3TLjYvLYQRBMCbMp9czY?si=NexDZBuXRze7qsZKalmeCg\">Listen on Spotify<\/a><\/li>\n<li><a href=\"https:\/\/ritualart.ch\/wp-content\/uploads\/2025\/08\/WegdesZen_reformiert-0825.pdf\" rel=\"attachment wp-att-5775\">Der Weg des Zen: reformiert_08_2025<\/a><\/li>\n<\/ul>\n<\/li>\n<li><strong>Mystik heute Episode 14:<\/strong> <a href=\"https:\/\/ritualart.ch\/en\/calm-in-storm\/\">Ruhe im Sturm &#8211; 17. Juni 2025<\/a>: \u00d6ffentliches Gespr\u00e4ch mit dem Chirurgen Stefan Birrer\n<ul>\n<li><a href=\"https:\/\/open.spotify.com\/episode\/7CZpJlIyfMpMgM7ZhzUgx4?si=2404a131be36497a\">Listen on Spotify<\/a><\/li>\n<li><a href=\"https:\/\/ritualart.ch\/wp-content\/uploads\/2025\/07\/RuheimSturm_reformiert_0625.pdf\" rel=\"attachment wp-att-5718\">Ruhe im Sturm: reformiert_06_2025<\/a><\/li>\n<\/ul>\n<\/li>\n<li><strong>Mystik heute Episode 13<\/strong>: <a href=\"https:\/\/ritualart.ch\/mehr-als-sternenstaub\/\">Mehr als Sternenstaub? &#8211; 28. Februar 2025<\/a>: Gespr\u00e4ch mit dem Geiger und Amateurastronomen Georg Jacobi\n<ul>\n<li><a href=\"https:\/\/ritualart.ch\/wp-content\/uploads\/2025\/03\/0228_More-than-stardust.pdf\" rel=\"attachment wp-att-5609\">Download PDF<\/a><\/li>\n<li><a href=\"https:\/\/open.spotify.com\/episode\/45Tz8gCPZS0VLtfvVd6yAY?si=raGHK14dSLyTFC3Xk3j2kQ\">Listen on Spotify<\/a><\/li>\n<\/ul>\n<\/li>\n<li><strong>Mystik heute Episode 12:<\/strong> <a href=\"https:\/\/ritualart.ch\/?post_type=podcast&amp;p=5440&amp;preview=true\">Sternenstaub &#8211; 7. Dezember 2024<\/a>:\u00a0 \u00d6ffentliches Gespr\u00e4ch mit der Astrophysikerin Kathrin Altwegg\n<ul>\n<li><a href=\"https:\/\/open.spotify.com\/episode\/5hX7UXmCzqW5Hqrn9fzngV?si=b8a1b8ac28744093\">Listen on Spotify<\/a><\/li>\n<\/ul>\n<\/li>\n<li><strong>Mystik heute Episode 11:<\/strong> <a href=\"https:\/\/ritualart.ch\/mystik-heute-episode-11-sinn\/\">Sinn &#8211; 23. August 2024<\/a>\n<ul>\n<li><a href=\"https:\/\/ritualart.ch\/wp-content\/uploads\/2024\/08\/0823_-Sinn.pdf\" rel=\"attachment wp-att-5327\">Download PDF<\/a><\/li>\n<li><a href=\"https:\/\/open.spotify.com\/episode\/3cj2ykEUXVZQdNKnbm1aFC?si=c039a1edb9df4ced\">Listen on Spotify<\/a><\/li>\n<\/ul>\n<\/li>\n<li><strong>Mystik heute Episode 10:<\/strong> <a href=\"https:\/\/ritualart.ch\/mystik-heute-episode-10-carpe-diem\/\">Carpe diem &#8211; 24. Mai 2024<\/a>\n<ul>\n<li><a href=\"https:\/\/ritualart.ch\/wp-content\/uploads\/2024\/05\/0524_carpe-diem.pdf\" rel=\"attachment wp-att-5245\">Download PDF\u00a0<\/a><\/li>\n<li><a href=\"https:\/\/open.spotify.com\/episode\/3TeFWEQrHsA5WvY8VgNLQe?si=2n2zE--CRyGgJI8cfNrnxQ\">Listen on Spotify<\/a><\/li>\n<\/ul>\n<\/li>\n<li><strong>Mystik heute:<\/strong> <a href=\"https:\/\/ritualart.ch\/wp-content\/uploads\/2024\/04\/Podcast-reformiert_05_2024.pdf\" rel=\"attachment wp-att-5184\">reformiert_05_2024<\/a><\/li>\n<li><strong>Mystik heute Episode 9:<\/strong> <a href=\"https:\/\/ritualart.ch\/mystik-heute-episode-9-kontrolle\/\">Kontrolle &#8211; 1. M\u00e4rz 2024<\/a>\n<ul>\n<li><a href=\"https:\/\/ritualart.ch\/wp-content\/uploads\/2024\/03\/0301_Kontrolle.pdf\" rel=\"attachment wp-att-5138\">Download PDF<\/a><\/li>\n<li><a href=\"https:\/\/open.spotify.com\/episode\/5zG6oQExunyWbV9mL2kFBi?si=_e9RJmEkSD2625v6hel_8g\">Listen on Spotify<\/a><\/li>\n<\/ul>\n<\/li>\n<li><strong>Mystik heute Episode 8:<\/strong> <a href=\"https:\/\/ritualart.ch\/mystik-heute-episode-8-commitment\/\">Commitment &#8211; 25. November 2023<\/a>\n<ul>\n<li><a href=\"https:\/\/ritualart.ch\/wp-content\/uploads\/2023\/11\/1125_Commitment.pdf\" rel=\"attachment wp-att-5045\">Download PDF<\/a><\/li>\n<li><a href=\"https:\/\/open.spotify.com\/episode\/1TC8GybcCpbxeISueoY9qi?si=hWzLFWHyQdyvvPPhJLD6Dg\">Listen on Spotify<\/a><\/li>\n<\/ul>\n<\/li>\n<li><strong>Mystik heute Episode 7:<\/strong> <a href=\"https:\/\/ritualart.ch\/mystik-heute-episode-7-selbstwertgefuehl\/\">Selbstwertgef\u00fchl &#8211; 26. Mai 2023<\/a>\n<ul>\n<li><a href=\"https:\/\/ritualart.ch\/wp-content\/uploads\/2023\/08\/0826_Selbstwertgefuehl.pdf\" rel=\"attachment wp-att-4899\">Download PDF<\/a><\/li>\n<li><a href=\"https:\/\/open.spotify.com\/episode\/3bfzvbBOGfwvlDhjenyjkw?si=_r_VtCdlRC-fkctJuvMQPw\">Listen on Spotify<\/a><\/li>\n<\/ul>\n<\/li>\n<li><strong>Mystik heute Episode 6:<\/strong>\u00a0<a href=\"https:\/\/ritualart.ch\/mystik-heute-episode-6-sucht-und-freiheit\/\">Sucht und Freiheit &#8211; 26. Mai 2023<\/a>\n<ul>\n<li><a href=\"https:\/\/ritualart.ch\/wp-content\/uploads\/2023\/05\/0526_Sucht-und-Freiheit.pdf\" rel=\"attachment wp-att-4807\">Download PDF<\/a><\/li>\n<li><a href=\"https:\/\/open.spotify.com\/episode\/5IC4zCBmgQTuUXiwvEG6cv?si=fDvxdkXqTP6ZN8suidWjiw\">Listen on Spotify<\/a><\/li>\n<\/ul>\n<\/li>\n<li><strong>Mystik heute Episode 5:<\/strong> <a href=\"https:\/\/ritualart.ch\/mystik-heute-episode-5-das-andere\/\">Das Andere &#8211; 25. Februar 2023<\/a>\n<ul>\n<li><a href=\"https:\/\/ritualart.ch\/wp-content\/uploads\/2023\/02\/0225_Das-Andere.pdf\" rel=\"attachment wp-att-4709\">Download PDF<\/a><\/li>\n<li><a href=\"https:\/\/open.spotify.com\/episode\/43TwkMbo4zAcuc8l7TkM9P?si=oAeTbQItQYuY72bWgm3BxA\">Listen on Spotify<\/a><\/li>\n<\/ul>\n<\/li>\n<li>\u00a0<strong>Mystik heute Episode 4:<\/strong>\u00a0<a href=\"https:\/\/ritualart.ch\/mystik-heute-episode-4-mitten-in-einer-flut-von-informationen\/\">Mitten in einer Flut von Informationen &#8211; 25. November 2022<\/a>\n<ul>\n<li><a href=\"https:\/\/ritualart.ch\/wp-content\/uploads\/2022\/11\/1125-Podcast_Mitten-in-der-Infoflut.pdf\" rel=\"attachment wp-att-4562\">Download PDF<\/a><\/li>\n<li><a href=\"https:\/\/youtu.be\/rOCKC0Xg62g\\\">Listen on YouTube<\/a><\/li>\n<li><a href=\"https:\/\/open.spotify.com\/episode\/2Bvscc5SzAdhkVEORIFtIp?si=kmjTBNBSQLuhxKvhyfV1qA\">Listen on Spotify<\/a><\/li>\n<\/ul>\n<\/li>\n<li><strong>Mystik heute Episode 3:<\/strong>\u00a0<a href=\"https:\/\/ritualart.ch\/mystik-heute-episode-3-momente-der-integration\/\">Momente der Integration &#8211; 27. August 2022<\/a>\n<ul>\n<li><a href=\"https:\/\/ritualart.ch\/wp-content\/uploads\/2022\/08\/0827_Mystik-heute.pdf\" target=\"_blank\" rel=\"attachment noopener wp-att-3946\">Download PDF<\/a><\/li>\n<li><a href=\"https:\/\/youtu.be\/4cLIWr9azm0\" target=\"_blank\" rel=\"noopener\">Listen on YouTube<\/a><\/li>\n<li><a href=\"https:\/\/open.spotify.com\/episode\/2klITTIdV3RdoAkT0Aja7S?si=K9hzo3IqR_aGjXJGpn5DNQ\" target=\"_blank\" rel=\"noopener\">Listen on Spotify<\/a><\/li>\n<\/ul>\n<\/li>\n<li><strong>Mystik heute Episode 2:<\/strong> <a href=\"https:\/\/ritualart.ch\/mystik-heute-episode-2-die-macht-der-macht\/\">Die Macht der Macht &#8211; 29. Mai 2022<\/a>\n<ul>\n<li><a href=\"https:\/\/ritualart.ch\/wp-content\/uploads\/2022\/05\/0528_Mystik-heute-1.pdf\" target=\"_blank\" rel=\"attachment noopener wp-att-3823\">Download PDF<\/a><\/li>\n<li><a href=\"https:\/\/youtu.be\/4cLIWr9azm0\" target=\"_blank\" rel=\"noopener\">Listen on YouTube<\/a><\/li>\n<li><a href=\"https:\/\/open.spotify.com\/episode\/2klITTIdV3RdoAkT0Aja7S?si=K9hzo3IqR_aGjXJGpn5DNQ\" target=\"_blank\" rel=\"noopener\">Listen on Spotify<\/a><\/li>\n<\/ul>\n<\/li>\n<li><strong>Mystik heute Episode 1:<\/strong> <a href=\"https:\/\/ritualart.ch\/mystik-heute-episode-1\/\">Geheimnis der Identit\u00e4t &#8211; 26. M\u00e4rz 2022<\/a>\n<ul>\n<li><a href=\"https:\/\/ritualart.ch\/wp-content\/uploads\/2022\/03\/0326_Mystik-heute.pdf\" target=\"_blank\" rel=\"noopener\">Download PDF<\/a><\/li>\n<li><a href=\"https:\/\/youtu.be\/ON1Pfzj9zT8\" target=\"_blank\" rel=\"noopener\">Listen on YouTube<\/a><\/li>\n<li><a href=\"https:\/\/open.spotify.com\/show\/3fe0YbDZR44PYm168FoflM?si=a3a200fe7d80404e\" target=\"_blank\" rel=\"noopener\">Listen on Spotify<\/a><\/li>\n<\/ul>\n<\/li>\n<\/ul>\n\n<script>window.podcastData63a8cb46cca7ea = {\"title\":\"Mystik Heute\",\"subtitle\":\"Test Podcast - RitualArt\",\"description\":\"Test Zusammenfassung \\u00fcber die Inhalte des Podcasts\",\"cover\":\"https:\\\/\\\/ritualart.ch\\\/en\\\/podlove\\\/image\\\/68747470733a2f2f72697475616c6172742e63682f77702d636f6e74656e742f75706c6f6164732f323032322f30332f506f64636173745f496d6167652d333030302d7363616c65642e6a7067\\\/400\\\/0\\\/0\\\/mystik-heute\\\/\",\"feeds\":[{\"type\":\"audio\",\"format\":\"mp3\",\"url\":\"https:\\\/\\\/ritualart.ch\\\/en\\\/feed\\\/mp3\\\/\",\"variant\":\"high\"}]};<\/script>\n<script class=\"podlove-subscribe-button\" src=\"https:\/\/cdn.podlove.org\/subscribe-button\/javascripts\/app.js\" data-json-data=\"podcastData63a8cb46cca7ea\" data-language=\"de\" data-size=\"big\" data-format=\"cover\" data-style=\"filled\" data-color=\"#75ad91\"> <\/script>\n<script>\nif (typeof SubscribeButton == 'undefined') {\n\n    document.write(unescape(\"%3Cscript class=\\\"podlove-subscribe-button\\\" src=\\\"https:\/\/ritualart.ch\/wp-content\/plugins\/podlove-podcasting-plugin-for-wordpress\/lib\/modules\/subscribe_button\/dist\/javascripts\/app.js\\\" data-json-data=\\\"podcastData63a8cb46cca7ea\\\" data-language=\\\"de\\\" data-size=\\\"big\\\" data-format=\\\"cover\\\" data-style=\\\"filled\\\" data-color=\\\"#75ad91\\\"> %3E%3C\/script%3E\"));\n\n    \/\/ hide uninitialized button\n    window.setTimeout(function() {\n        iframes = document.querySelectorAll('.podlove-subscribe-button-iframe')\n        for (i = 0; i < iframes.length; ++i) {\n            if (!iframes[i].style.width && !iframes[i].style.height) {\n                iframes[i].style.display = 'none';\n            }\n        }\n    }, 5000);\n\n}\n<\/script>\n<p>[\/et_pb_text][\/et_pb_column][\/et_pb_row][\/et_pb_section]<\/p>\n","protected":false},"excerpt":{"rendered":"<p>Podcast Mystik heute Episode 17: Stille &#8211; 13. M\u00e4rz 2026: Gespr\u00e4ch mit der Meditations- und Dharmalehrerin Irene Bumbacher Listen on Spotify Mystik heute Episode 16: Gesetz des St\u00e4rkeren &#8211; 28. November 2025: \u00d6ffentliches Gespr\u00e4ch mit dem Evolutionsbiologen Christian Kropf Listen on Spotify Mystik heute Episode 15: Der Weg des Zen &#8211; 29. August 2025: Gespr\u00e4ch [&hellip;]<\/p>\n","protected":false},"author":2,"featured_media":2890,"parent":0,"menu_order":0,"comment_status":"closed","ping_status":"closed","template":"","meta":{"_et_pb_use_builder":"on","_et_pb_old_content":"","_et_gb_content_width":"","footnotes":""},"class_list":["post-2937","page","type-page","status-publish","has-post-thumbnail","hentry"],"_links":{"self":[{"href":"https:\/\/ritualart.ch\/en\/wp-json\/wp\/v2\/pages\/2937","targetHints":{"allow":["GET"]}}],"collection":[{"href":"https:\/\/ritualart.ch\/en\/wp-json\/wp\/v2\/pages"}],"about":[{"href":"https:\/\/ritualart.ch\/en\/wp-json\/wp\/v2\/types\/page"}],"author":[{"embeddable":true,"href":"https:\/\/ritualart.ch\/en\/wp-json\/wp\/v2\/users\/2"}],"replies":[{"embeddable":true,"href":"https:\/\/ritualart.ch\/en\/wp-json\/wp\/v2\/comments?post=2937"}],"version-history":[{"count":0,"href":"https:\/\/ritualart.ch\/en\/wp-json\/wp\/v2\/pages\/2937\/revisions"}],"wp:featuredmedia":[{"embeddable":true,"href":"https:\/\/ritualart.ch\/en\/wp-json\/wp\/v2\/media\/2890"}],"wp:attachment":[{"href":"https:\/\/ritualart.ch\/en\/wp-json\/wp\/v2\/media?parent=2937"}],"curies":[{"name":"wp","href":"https:\/\/api.w.org\/{rel}","templated":true}]}}