{"id":230,"date":"2017-04-12T17:03:18","date_gmt":"2017-04-12T15:03:18","guid":{"rendered":"https:\/\/ritualart.ch.80-74-139-101.brenda.xelon.ch\/?page_id=230"},"modified":"2022-04-18T13:12:08","modified_gmt":"2022-04-18T11:12:08","slug":"concept","status":"publish","type":"page","link":"https:\/\/ritualart.ch\/en\/concept\/","title":{"rendered":"Concept"},"content":{"rendered":"<p>[et_pb_section fb_built=&#8221;1&#8243; module_class=&#8221;blue-header&#8221; _builder_version=&#8221;4.17.1&#8243; _module_preset=&#8221;default&#8221; background_color=&#8221;#7294b9&#8243; background_enable_image=&#8221;off&#8221; custom_margin=&#8221;0px||0px||true|false&#8221; custom_padding=&#8221;0px||0px||false|false&#8221; global_colors_info=&#8221;{}&#8221; theme_builder_area=&#8221;post_content&#8221;][et_pb_row _builder_version=&#8221;4.17.1&#8243; _module_preset=&#8221;default&#8221; background_image=&#8221;https:\/\/ritualart.ch\/wp-content\/uploads\/2022\/04\/header-pages5.jpg&#8221; background_size=&#8221;contain&#8221; width=&#8221;100%&#8221; custom_padding=&#8221;40px||40px||false|false&#8221; global_colors_info=&#8221;{}&#8221; theme_builder_area=&#8221;post_content&#8221;][et_pb_column type=&#8221;4_4&#8243; _builder_version=&#8221;4.17.0&#8243; _module_preset=&#8221;default&#8221; global_colors_info=&#8221;{}&#8221; theme_builder_area=&#8221;post_content&#8221;][et_pb_text _builder_version=&#8221;4.17.1&#8243; _module_preset=&#8221;default&#8221; header_3_font=&#8221;Raleway|300|||||||&#8221; header_3_text_color=&#8221;#FFFFFF&#8221; header_3_font_size=&#8221;28px&#8221; custom_padding=&#8221;|||130px|false|false&#8221; hover_enabled=&#8221;0&#8243; global_colors_info=&#8221;{}&#8221; theme_builder_area=&#8221;post_content&#8221; sticky_enabled=&#8221;0&#8243;]<\/p>\n<h3>Concept<\/h3>\n<p>[\/et_pb_text][\/et_pb_column][\/et_pb_row][\/et_pb_section][et_pb_section fb_built=&#8221;1&#8243; _builder_version=&#8221;4.17.0&#8243; _module_preset=&#8221;default&#8221; global_colors_info=&#8221;{}&#8221;][et_pb_row _builder_version=&#8221;4.17.0&#8243; _module_preset=&#8221;default&#8221; width=&#8221;60%&#8221; global_colors_info=&#8221;{}&#8221;][et_pb_column type=&#8221;4_4&#8243; _builder_version=&#8221;4.17.0&#8243; _module_preset=&#8221;default&#8221; global_colors_info=&#8221;{}&#8221;][et_pb_post_title meta=&#8221;off&#8221; featured_placement=&#8221;above&#8221; _builder_version=&#8221;4.17.0&#8243; _module_preset=&#8221;default&#8221; title_font=&#8221;Raleway|300|||||||&#8221; title_font_size=&#8221;40px&#8221; title_line_height=&#8221;2em&#8221; global_colors_info=&#8221;{}&#8221;][\/et_pb_post_title][et_pb_text admin_label=&#8221;Text&#8221; _builder_version=&#8221;4.16&#8243; background_size=&#8221;initial&#8221; background_position=&#8221;top_left&#8221; background_repeat=&#8221;repeat&#8221; global_colors_info=&#8221;{}&#8221;]Ritual Art is a way to acknowledge and stand up for Christian mysticism. It is based on the fragility of our existence and reveals the mystery in this world, yet not of this world: the mystery of presence, which is more internal to us than we to ourselves. It is non-violent yet powerful, it perceives and forms reality as it is, and in the face of guilt, suffering and impermanence it gives sovereignty, compassion and joy.<\/p>\n<p>The art of creating rituals offers a moment for awakening in the mystery of presence and for arriving in the here and now. Whenever this happens, the world in its fragility is renewed and life in its ordinariness is transcended, centered and empowered. All of a sudden we become the humans, we are, all of a sudden unconditional love is present in our imperfection.<\/p>\n<p>Within the frame of Christian mysticism Ritual Art combines elements of Zen Buddhism, shamanism and integrative psychotherapy in an effective way. It takes place in the religious and ideological plurality of metaphorical language, but originates from transverbal silence. Thanks to its simplicity it is comprehensible to all participants and respects their integrity.[\/et_pb_text][\/et_pb_column][\/et_pb_row][\/et_pb_section]<\/p>\n","protected":false},"excerpt":{"rendered":"<p>ConceptRitual Art is a way to acknowledge and stand up for Christian mysticism. It is based on the fragility of our existence and reveals the mystery in this world, yet not of this world: the mystery of presence, which is more internal to us than we to ourselves. It is non-violent yet powerful, it perceives [&hellip;]<\/p>\n","protected":false},"author":2,"featured_media":855,"parent":0,"menu_order":0,"comment_status":"closed","ping_status":"closed","template":"","meta":{"_et_pb_use_builder":"on","_et_pb_old_content":"Ritual Art ist ein Weg, christliche Mystik zu realisieren. Sie orientiert sich an der Br\u00fcchigkeit unseres Lebens und enth\u00fcllt darin das Geheimnis, das in dieser Welt, aber nicht von dieser Welt ist: das Geheimnis der Gegenwart, das uns innerlicher ist als wir uns selbst, das gewaltlos und doch kraftvoll ist, das die Wirklichkeit wahrnimmt und gestaltet, wie sie ist, und das im Angesicht von Unsicherheit, Leiden und Verg\u00e4nglichkeit Souver\u00e4nit\u00e4t, Mitgef\u00fchl und Freude vermittelt.\r\n\r\nSie ist die Kunst, Rituale zu kreieren, in denen wir im Geheimnis der Gegenwart erwachen und im Hier und Jetzt ankommen. Geschieht dies, wird die Welt in ihrer Gebrochenheit neu und das Leben in seiner Allt\u00e4glichkeit \u00fcberschritten, zentriert und gest\u00e4rkt.\u00a0 Auf einmal werden wir die, die wir sind, auf einmal ist bedingungslose Liebe in unserer Unvollkommenheit gegenw\u00e4rtig.\r\n\r\nAuf der Grundlage christlicher Mystik sind in der Ritual Art Elemente des Zen-Buddhismus, des Schamanismus und der Integrativen Psychotherapie zu einer lebendigen Einheit verdichtet. Sie geschieht in der religi\u00f6sen und weltanschaulichen Vielfalt metaphorischer Sprachspiele, aber aus dem \u00fcbersprachlichen Wort der Stille. Durch ihre Einfachheit ist sie f\u00fcr alle Beteiligten transparent und wahrt ihre Integrit\u00e4t.","_et_gb_content_width":"","footnotes":""},"class_list":["post-230","page","type-page","status-publish","has-post-thumbnail","hentry"],"_links":{"self":[{"href":"https:\/\/ritualart.ch\/en\/wp-json\/wp\/v2\/pages\/230","targetHints":{"allow":["GET"]}}],"collection":[{"href":"https:\/\/ritualart.ch\/en\/wp-json\/wp\/v2\/pages"}],"about":[{"href":"https:\/\/ritualart.ch\/en\/wp-json\/wp\/v2\/types\/page"}],"author":[{"embeddable":true,"href":"https:\/\/ritualart.ch\/en\/wp-json\/wp\/v2\/users\/2"}],"replies":[{"embeddable":true,"href":"https:\/\/ritualart.ch\/en\/wp-json\/wp\/v2\/comments?post=230"}],"version-history":[{"count":0,"href":"https:\/\/ritualart.ch\/en\/wp-json\/wp\/v2\/pages\/230\/revisions"}],"wp:featuredmedia":[{"embeddable":true,"href":"https:\/\/ritualart.ch\/en\/wp-json\/wp\/v2\/media\/855"}],"wp:attachment":[{"href":"https:\/\/ritualart.ch\/en\/wp-json\/wp\/v2\/media?parent=230"}],"curies":[{"name":"wp","href":"https:\/\/api.w.org\/{rel}","templated":true}]}}